{"id":544,"date":"2022-01-12T02:06:28","date_gmt":"2022-01-12T02:06:28","guid":{"rendered":"http:\/\/jurewicz.us\/?page_id=544"},"modified":"2022-01-13T18:06:28","modified_gmt":"2022-01-13T18:06:28","slug":"zbigniew-j-eng","status":"publish","type":"page","link":"https:\/\/jurewicz.us\/?page_id=544","title":{"rendered":"Zbigniew Jurewicz"},"content":{"rendered":"\n<div class=\"wp-block-image\"><figure class=\"aligncenter\"><img decoding=\"async\" src=\"https:\/\/upload.wikimedia.org\/wikipedia\/commons\/thumb\/9\/9d\/Zbigniew_Jurewicz_gr%C3%B3b.jpg\/220px-Zbigniew_Jurewicz_gr%C3%B3b.jpg\" alt=\"\"\/><\/figure><\/div>\n\n\n\n<p class=\"has-text-align-center\">The grave of Brig. Zbigniew Jurewicz and his wife Krystyna at the military cemetery in Pow\u0105zki in Warsaw (section EII-1-3)<\/p>\n\n\n\n<p>============================================================<\/p>\n\n\n\n<p><strong>Zbigniew Jurewicz<\/strong> pseud. Mi\u015b (born June 1, 1922 in Krakow, died December 10, 2016) &#8211; Brigadier General of the Polish Army, doctor of military sciences.<\/p>\n\n\n\n<p>The son of Karol and Maria, until 1939 he attended a high school in Krakow, closed in December 1939 by the Germans, in 1941 he passed his high school diploma and became an accountant at the Sich\u00f3w-Szwagr\u00f3w estate in the Stasz\u00f3w poviat. In April 1943 he joined the Home Army, assuming the pseudonym &#8220;Mi\u015b&#8221;. A graduate of the Officer&#8217;s Artillery School in Che\u0142m Lubelski, which he graduated on April 29, 1945, promoted to the rank of second lieutenant in the corps of artillery officers by Maj. Gen. Boles\u0142aw Czarniawski, after which he became the commander of the school platoon, and then the school battery.<\/p>\n\n\n\n<p>From 1945 he held successive and higher command and staff positions in the Polish Army. 1954-1955 he graduated with honors from the Commanders and Chiefs of Staff of the Regiment at the Higher Artillery School in Toru\u0144 and became the deputy commander of this school for line affairs. 1957-1961 student of the Artillery Faculty of the Academy of General Staff of the Polish Army in Warsaw, from which he graduated with honors. In October 1968, while serving as the head of the Operational Board of the General Staff of the Polish Army (1968\u20131972), he was promoted to the rank of brigadier general. The general appointment was presented to him on October 12, 1968 at the Belweder Palace by the chairman of the State Council of the People&#8217;s Republic of Poland, Polish Marshal Marian Spychalski.<\/p>\n\n\n\n<p>During the December 1970 events, he was the chief of staff of the Warsaw Defense Operational Group. He was also a member of the crisis management team established by the Ministry of the Interior as a representative of the Ministry of National Defense. From June 1972, deputy commander of the Academy of the General Staff for Research. On June 15, 1979, he defended his doctoral dissertation on: The direction of improving the organization and planning of scientific activity at the Military Academy of the commander type (on the example of ASG), obtaining a doctorate in military sciences.<\/p>\n\n\n\n<p>In the years 1982\u20131983 minister plenipotentiary &#8211; a representative of the People&#8217;s Republic of Poland in the International Control and Supervision Commission, which supervised the ceasefire between North Korea and South Korea. Retired since November 1984.<\/p>\n\n\n\n<p>Promotion<br>second lieutenant &#8211; April 29, 1945<br>lieutenant &#8211; May 9, 1946<br>captain &#8211; January 1, 1947<br>major &#8211; July 22, 1948<br>Lieutenant Colonel &#8211; May 1, 1951<br>colonel &#8211; October 12, 1962<br>Brigadier General &#8211; October 9, 1968<br>Decorations and distinctions<br>Commander&#8217;s Cross of the Order of Polonia Restituta<br>Knight&#8217;s Cross of the Order of Polonia Restituta<br>Partisan Cross<br>Home Army Cross<br>Silver Cross of Merit (1946)<br>Medal of the 10th anniversary of People&#8217;s Poland<br>Medal of the 30th anniversary of People&#8217;s Poland<br>Gold Medal &#8220;Armed Forces in the Service of the Homeland&#8221;<br>Silver Medal &#8220;Armed Forces in the Service of the Homeland&#8221;<br>Bronze Medal &#8220;Armed Forces in the Service of the Homeland&#8221;<br>Gold Medal &#8220;For contributions to the defense of the country&#8221;<br>Silver Medal &#8220;For contributions to the defense of the country&#8221;<br>Bronze Medal &#8220;For contributions to the defense of the country&#8221;<br>Medal of the National Education Commission (1973)<br>The title of &#8220;Honored Activist of Physical Culture&#8221;<\/p>\n\n\n\n<p><\/p>\n\n\n\n<h2 class=\"has-text-align-center wp-block-heading\">TRANSLATION TO POLISH LANGUAGE<\/h2>\n\n\n\n<p class=\"has-text-align-center\"><strong>\u017byciorys<\/strong><\/p>\n\n\n\n<p>Syn Karola i Marii z domu Chudoment, do 1939 uczy\u0142 si\u0119 w krakowskim liceum zlikwidowanym w grudniu 1939 przez Niemc\u00f3w. W 1941 zda\u0142 matur\u0119 w Liceum Administracyjno-Handlowym w Krakowie i zosta\u0142 ksi\u0119gowym w maj\u0105tku Sich\u00f3w-Szwagr\u00f3w w&nbsp;<a href=\"https:\/\/pl.wikipedia.org\/wiki\/Powiat_staszowski\">powiecie staszowskim<\/a>. W kwietniu 1943 wst\u0105pi\u0142 do&nbsp;<a href=\"https:\/\/pl.wikipedia.org\/wiki\/Armia_Krajowa\">AK<\/a>, przybieraj\u0105c pseudonim &#8220;Mi\u015b&#8221;. 15 wrze\u015bnia 1944 powo\u0142any do s\u0142u\u017cby w ludowym Wojsku Polskim. Absolwent Oficerskiej Szko\u0142y Artylerii w&nbsp;<a href=\"https:\/\/pl.wikipedia.org\/wiki\/Che%C5%82m\">Che\u0142mie Lubelskim<\/a>, kt\u00f3r\u0105 uko\u0144czy\u0142 29 kwietnia 1945 i zosta\u0142 promowany na stopie\u0144&nbsp;<a href=\"https:\/\/pl.wikipedia.org\/wiki\/Podporucznik\">podporucznika<\/a>&nbsp;w korpusie oficer\u00f3w artylerii przez gen. dyw.&nbsp;<a href=\"https:\/\/pl.wikipedia.org\/wiki\/Boles%C5%82aw_Czarniawski\">Boles\u0142awa Czarniawskiego<\/a>. Po promocji zosta\u0142 dow\u00f3dc\u0105 plutonu szkolnego, a nast\u0119pnie baterii szkolnej (po przeniesieniu szko\u0142y do&nbsp;<a href=\"https:\/\/pl.wikipedia.org\/wiki\/Toru%C5%84\">Torunia<\/a>).<\/p>\n\n\n\n<p>W&nbsp;<a href=\"https:\/\/pl.wikipedia.org\/wiki\/Oficerska_Szko%C5%82a_Artylerii\">Oficerskiej Szkole Artylerii<\/a>&nbsp;w Toruniu pe\u0142ni\u0142 s\u0142u\u017cb\u0119 do wrze\u015bnia 1954, b\u0119d\u0105c kolejno dow\u00f3dc\u0105 baterii szkolnej (1946-1947), wyk\u0142adowc\u0105 instrukcji strzelania (1947-1948) i dow\u00f3dc\u0105 I&nbsp;<a href=\"https:\/\/pl.wikipedia.org\/wiki\/Dywizjon\">dywizjonu<\/a>&nbsp;szkolnego (1948-1954). W latach 1954-1955 uko\u0144czy\u0142 z wyr\u00f3\u017cnieniem kurs Dow\u00f3dc\u00f3w i Szef\u00f3w Sztabu Pu\u0142ku w&nbsp;<a href=\"https:\/\/pl.wikipedia.org\/wiki\/Wy%C5%BCsza_Szko%C5%82a_Artylerii\">Wy\u017cszej Szkole Artylerii<\/a>&nbsp;w Toruniu i zosta\u0142 zast\u0119pc\u0105 komendanta tej szko\u0142y ds. liniowych. We wrze\u015bniu 1956 zosta\u0142 dow\u00f3dc\u0105&nbsp;<a href=\"https:\/\/pl.wikipedia.org\/wiki\/19_Brygada_Artylerii_Haubic\">19 Brygady Artylerii Haubic<\/a>&nbsp;w&nbsp;<a href=\"https:\/\/pl.wikipedia.org\/wiki\/Orzysz\">Orzyszu<\/a>, a po rozwi\u0105zaniu brygady w czerwcu 1957 obj\u0105\u0142 funkcj\u0119 zast\u0119pcy dow\u00f3dcy&nbsp;<a href=\"https:\/\/pl.wikipedia.org\/wiki\/8_Dywizja_Artylerii_Prze%C5%82amania\">8 Dywizji Artylerii Prze\u0142amania<\/a>&nbsp;w&nbsp;<a href=\"https:\/\/pl.wikipedia.org\/wiki\/Bemowo_Piskie\">Bemowie Piskim<\/a>&nbsp;do spraw szkolenia. W latach 1957-1961 s\u0142uchacz Fakultetu Artylerii&nbsp;<a href=\"https:\/\/pl.wikipedia.org\/wiki\/Akademia_Sztabu_Generalnego\">Akademii Sztabu Generalnego WP<\/a>&nbsp;w&nbsp;<a href=\"https:\/\/pl.wikipedia.org\/wiki\/Warszawa\">Warszawie<\/a>, kt\u00f3r\u0105 uko\u0144czy\u0142 z wyr\u00f3\u017cnieniem w lipcu 1961 i rozpocz\u0105\u0142 s\u0142u\u017cb\u0119 w Zarz\u0105dzie Operacyjnym&nbsp;<a href=\"https:\/\/pl.wikipedia.org\/wiki\/Sztab_Generalny_Wojska_Polskiego\">Sztabu Generalnego Wojska Polskiego<\/a>. W latach 1965-1967 studiowa\u0142 w&nbsp;<a href=\"https:\/\/pl.wikipedia.org\/wiki\/Wojskowa_Akademia_Sztabu_Generalnego_Si%C5%82_Zbrojnych_Federacji_Rosyjskiej\">Akademii Sztabu Generalnego Si\u0142 Zbrojnych ZSRR im. K. Woroszy\u0142owa<\/a>&nbsp;w&nbsp;<a href=\"https:\/\/pl.wikipedia.org\/wiki\/Moskwa\">Moskwie<\/a>. Po powrocie do kraju zosta\u0142 zast\u0119pc\u0105 szefa, a w kwietniu 1968 szefem Zarz\u0105du Operacyjnego&nbsp;<a href=\"https:\/\/pl.wikipedia.org\/wiki\/Sztab_Generalny_Wojska_Polskiego\">Sztabu Generalnego Wojska Polskiego<\/a>&nbsp;(do czerwca 1972). 9 pa\u017adziernika 1968 na mocy uchwa\u0142y&nbsp;<a href=\"https:\/\/pl.wikipedia.org\/wiki\/Rada_Pa%C5%84stwa_(Polska)\">Rady Pa\u0144stwa<\/a>&nbsp;awansowany do stopnia&nbsp;<a href=\"https:\/\/pl.wikipedia.org\/wiki\/Genera%C5%82_brygady\">genera\u0142a brygady<\/a>. Nominacj\u0119 generalsk\u0105 wr\u0119czy\u0142 mu 12 pa\u017adziernika 1968 w&nbsp;<a href=\"https:\/\/pl.wikipedia.org\/wiki\/Belweder_w_Warszawie\">Belwederze<\/a>&nbsp;<a href=\"https:\/\/pl.wikipedia.org\/wiki\/Przewodnicz%C4%85cy_Rady_Pa%C5%84stwa\">przewodnicz\u0105cy<\/a>&nbsp;<a href=\"https:\/\/pl.wikipedia.org\/wiki\/Rada_Pa%C5%84stwa_(Polska)\">Rady Pa\u0144stwa PRL<\/a>,&nbsp;<a href=\"https:\/\/pl.wikipedia.org\/wiki\/Marsza%C5%82ek_Polski\">marsza\u0142ek Polski<\/a>&nbsp;<a href=\"https:\/\/pl.wikipedia.org\/wiki\/Marian_Spychalski\">Marian Spychalski<\/a>.<\/p>\n\n\n\n<p>W trakcie&nbsp;<a href=\"https:\/\/pl.wikipedia.org\/wiki\/Grudzie%C5%84_1970\">wydarze\u0144 grudniowych 1970<\/a>&nbsp;by\u0142 szefem sztabu Grupy Operacyjnej Obrony&nbsp;<a href=\"https:\/\/pl.wikipedia.org\/wiki\/Warszawa\">Warszawy<\/a>. Wchodzi\u0142 r\u00f3wnie\u017c, jako reprezentant&nbsp;<a href=\"https:\/\/pl.wikipedia.org\/wiki\/Ministerstwo_Obrony_Narodowej\">Ministerstwa Obrony Narodowej<\/a>, w sk\u0142ad sztabu kryzysowego powo\u0142anego w&nbsp;<a href=\"https:\/\/pl.wikipedia.org\/wiki\/Ministerstwo_Spraw_Wewn%C4%99trznych_PRL\">MSW<\/a>. Od czerwca 1972 do stycznia 1982 zast\u0119pca komendanta&nbsp;<a href=\"https:\/\/pl.wikipedia.org\/wiki\/Akademia_Sztabu_Generalnego\">Akademii Sztabu Generalnego<\/a>&nbsp;ds. naukowych. 15 czerwca 1979 obroni\u0142 rozpraw\u0119 doktorsk\u0105 na temat:&nbsp;<em>Kierunek doskonalenia organizacji i planowania dzia\u0142alno\u015bci naukowej w Wy\u017cszej Szkole Wojskowej typu dow\u00f3dczego (na przyk\u0142adzie ASG WP)<\/em>, uzyskuj\u0105c stopie\u0144 doktora nauk wojskowych.<\/p>\n\n\n\n<p>Od kwietnia 1982 do pa\u017adziernika 1983 minister pe\u0142nomocny \u2013 przedstawiciel PRL w&nbsp;<a href=\"https:\/\/pl.wikipedia.org\/wiki\/Polska_Misja_Wojskowa_w_Komisji_Nadzorczej_Pa%C5%84stw_Neutralnych\">Mi\u0119dzynarodowej Komisji Kontroli i Nadzoru<\/a>, nadzoruj\u0105cej zawieszenie broni mi\u0119dzy&nbsp;<a href=\"https:\/\/pl.wikipedia.org\/wiki\/Korea_P%C3%B3%C5%82nocna\">Kore\u0105 P\u00f3\u0142nocn\u0105<\/a>&nbsp;a&nbsp;<a href=\"https:\/\/pl.wikipedia.org\/wiki\/Korea_Po%C5%82udniowa\">Kore\u0105 Po\u0142udniow\u0105<\/a>. 24 pa\u017adziernika 1984, w wieku 62 lat przeszed\u0142 w stan spoczynku.<\/p>\n\n\n\n<p>Pochowany na&nbsp;<a href=\"https:\/\/pl.wikipedia.org\/wiki\/Cmentarz_Wojskowy_na_Pow%C4%85zkach\">Cmentarzu Wojskowym na Pow\u0105zkach<\/a>&nbsp;w Warszawie (kwatera EII-1-3)<sup><a href=\"https:\/\/pl.wikipedia.org\/wiki\/Zbigniew_Jurewicz#cite_note-2\">[2]<\/a><\/sup>.<\/p>\n\n\n\n<h2 class=\"wp-block-heading\">Awanse<\/h2>\n\n\n\n<p>W trakcie wieloletniej s\u0142u\u017cby w ludowym Wojsku Polskim otrzymywa\u0142 awanse na kolejne stopnie wojskowe<sup><a href=\"https:\/\/pl.wikipedia.org\/wiki\/Zbigniew_Jurewicz#cite_note-3\">[3]<\/a><\/sup>:<\/p>\n\n\n\n<ul class=\"wp-block-list\"><li><a href=\"https:\/\/pl.wikipedia.org\/wiki\/Podporucznik\">podporucznik<\/a>&nbsp;\u2013 29 kwietnia 1945<\/li><li><a href=\"https:\/\/pl.wikipedia.org\/wiki\/Porucznik\">porucznik<\/a>&nbsp;\u2013 9 maja 1946<\/li><li><a href=\"https:\/\/pl.wikipedia.org\/wiki\/Kapitan_(ranga)\">kapitan<\/a>&nbsp;\u2013 1 stycznia 1947<\/li><li><a href=\"https:\/\/pl.wikipedia.org\/wiki\/Major\">major<\/a>&nbsp;\u2013 22 lipca 1948<\/li><li><a href=\"https:\/\/pl.wikipedia.org\/wiki\/Podpu%C5%82kownik\">podpu\u0142kownik<\/a>&nbsp;\u2013 1 maja 1951<\/li><li><a href=\"https:\/\/pl.wikipedia.org\/wiki\/Pu%C5%82kownik\">pu\u0142kownik<\/a>&nbsp;\u2013 12 pa\u017adziernika 1962<\/li><li><a href=\"https:\/\/pl.wikipedia.org\/wiki\/Genera%C5%82#We_wsp%C3%B3%C5%82czesnym_Wojsku_Polskim\">genera\u0142 brygady<\/a>&nbsp;\u2013 9 pa\u017adziernika 1968<\/li><\/ul>\n\n\n\n<h2 class=\"wp-block-heading\">\u017bycie prywatne<\/h2>\n\n\n\n<p class=\"has-text-align-left\">Mieszka\u0142 w Warszawie. \u017bonaty z Krystyn\u0105 z domu Starczewsk\u0105 (1924-2003). Ma\u0142\u017ce\u0144stwo mia\u0142o c\u00f3rk\u0119 i syna.<\/p>\n\n\n\n<h2 class=\"wp-block-heading\">Odznaczenia i wyr\u00f3\u017cnienia<\/h2>\n\n\n\n<ul class=\"wp-block-list\"><li><a href=\"https:\/\/pl.wikipedia.org\/wiki\/Order_Odrodzenia_Polski\">Krzy\u017c Komandorski Orderu Odrodzenia Polski<\/a><\/li><li>Krzy\u017c Kawalerski Orderu Odrodzenia Polski<\/li><li><a href=\"https:\/\/pl.wikipedia.org\/wiki\/Krzy%C5%BC_Partyzancki\">Krzy\u017c Partyzancki<\/a><\/li><li><a href=\"https:\/\/pl.wikipedia.org\/wiki\/Krzy%C5%BC_Armii_Krajowej\">Krzy\u017c Armii Krajowej<\/a><\/li><li><a href=\"https:\/\/pl.wikipedia.org\/wiki\/Krzy%C5%BC_Zas%C5%82ugi\">Srebrny Krzy\u017c Zas\u0142ugi<\/a>&nbsp;(1946)<\/li><li><a href=\"https:\/\/pl.wikipedia.org\/wiki\/Medal_10-lecia_Polski_Ludowej\">Medal 10-lecia Polski Ludowej<\/a><\/li><li><a href=\"https:\/\/pl.wikipedia.org\/wiki\/Medal_30-lecia_Polski_Ludowej\">Medal 30-lecia Polski Ludowej<\/a><\/li><li><a href=\"https:\/\/pl.wikipedia.org\/wiki\/Medal_%E2%80%9ESi%C5%82y_Zbrojne_w_S%C5%82u%C5%BCbie_Ojczyzny%E2%80%9D\">Z\u0142oty Medal &#8220;Si\u0142y Zbrojne w S\u0142u\u017cbie Ojczyzny&#8221;<\/a><\/li><li>Srebrny Medal &#8220;Si\u0142y Zbrojne w S\u0142u\u017cbie Ojczyzny&#8221;<\/li><li>Br\u0105zowy Medal &#8220;Si\u0142y Zbrojne w S\u0142u\u017cbie Ojczyzny&#8221;<\/li><li><a href=\"https:\/\/pl.wikipedia.org\/wiki\/Medal_%E2%80%9EZa_zas%C5%82ugi_dla_obronno%C5%9Bci_kraju%E2%80%9D\">Z\u0142oty Medal &#8220;Za zas\u0142ugi dla obronno\u015bci kraju&#8221;<\/a><\/li><li>Srebrny Medal &#8220;Za zas\u0142ugi dla obronno\u015bci kraju&#8221;<\/li><li>Br\u0105zowy Medal &#8220;Za zas\u0142ugi dla obronno\u015bci kraju&#8221;<\/li><li><a href=\"https:\/\/pl.wikipedia.org\/wiki\/Medal_Komisji_Edukacji_Narodowej\">Medal Komisji Edukacji Narodowej<\/a>&nbsp;(1973)<\/li><li><a href=\"https:\/\/pl.wikipedia.org\/wiki\/Odznaka_%E2%80%9EZas%C5%82u%C5%BCony_Dzia%C5%82acz_Kultury_Fizycznej%E2%80%9D\">Odznaka \u201eZas\u0142u\u017cony Dzia\u0142acz Kultury Fizycznej\u201d<\/a><\/li><li>inne odznaczenia resortowe i pami\u0105tkowe.<\/li><\/ul>\n","protected":false},"excerpt":{"rendered":"<p>The grave of Brig. Zbigniew Jurewicz and his wife Krystyna at the military cemetery in Pow\u0105zki in Warsaw (section EII-1-3) ============================================================ Zbigniew Jurewicz pseud. Mi\u015b (born June 1, 1922 in Krakow, died December 10, 2016) &#8211; Brigadier General of the Polish Army, doctor of military sciences. The son of Karol and Maria, until 1939 he &hellip; <a href=\"https:\/\/jurewicz.us\/?page_id=544\" class=\"more-link\">Continue reading<span class=\"screen-reader-text\"> &#8220;Zbigniew Jurewicz&#8221;<\/span><\/a><\/p>\n","protected":false},"author":1,"featured_media":0,"parent":0,"menu_order":0,"comment_status":"closed","ping_status":"closed","template":"","meta":{"footnotes":""},"class_list":["post-544","page","type-page","status-publish","hentry"],"_links":{"self":[{"href":"https:\/\/jurewicz.us\/index.php?rest_route=\/wp\/v2\/pages\/544","targetHints":{"allow":["GET"]}}],"collection":[{"href":"https:\/\/jurewicz.us\/index.php?rest_route=\/wp\/v2\/pages"}],"about":[{"href":"https:\/\/jurewicz.us\/index.php?rest_route=\/wp\/v2\/types\/page"}],"author":[{"embeddable":true,"href":"https:\/\/jurewicz.us\/index.php?rest_route=\/wp\/v2\/users\/1"}],"replies":[{"embeddable":true,"href":"https:\/\/jurewicz.us\/index.php?rest_route=%2Fwp%2Fv2%2Fcomments&post=544"}],"version-history":[{"count":6,"href":"https:\/\/jurewicz.us\/index.php?rest_route=\/wp\/v2\/pages\/544\/revisions"}],"predecessor-version":[{"id":589,"href":"https:\/\/jurewicz.us\/index.php?rest_route=\/wp\/v2\/pages\/544\/revisions\/589"}],"wp:attachment":[{"href":"https:\/\/jurewicz.us\/index.php?rest_route=%2Fwp%2Fv2%2Fmedia&parent=544"}],"curies":[{"name":"wp","href":"https:\/\/api.w.org\/{rel}","templated":true}]}}