{"id":236,"date":"2021-08-03T03:18:17","date_gmt":"2021-08-03T03:18:17","guid":{"rendered":"http:\/\/jurewicz.us\/?page_id=236"},"modified":"2022-02-27T03:16:09","modified_gmt":"2022-02-27T03:16:09","slug":"in-polish","status":"publish","type":"page","link":"https:\/\/jurewicz.us\/?page_id=236","title":{"rendered":"in Polish"},"content":{"rendered":"\n<p><strong><a href=\"https:\/\/wolnelektury.pl\/\">WolneLektury.pl<\/a> to biblioteka internetowa czynna 24 godziny na dob\u0119, 365 dni w roku, kt\u00f3rej zasoby dost\u0119pne s\u0105 ca\u0142kowicie za darmo<\/strong>. W jej zbiorach znajduje si\u0119&nbsp;<strong>6070<\/strong>&nbsp;utwor\u00f3w, w tym wiele lektur szkolnych. W bibliotece znajduje si\u0119 kilkaset audiobook\u00f3w, czytanych przez znanych aktor\u00f3w jak: Danuta Stenka, Jan Peszek, Andrzej Chyra, Paulina Holtz, Andrzej Seweryn czy Adam Fidusiewicz. Mo\u017cna ich s\u0142ucha\u0107 w r\u00f3\u017cnych formatach jak np. <strong>MP3<\/strong>&nbsp;i&nbsp;<strong>Ogg Vorbis<\/strong>. Audiobooki s\u0105 r\u00f3wnie\u017c dost\u0119pne w formacie&nbsp;<strong>DAISY<\/strong>. Z udost\u0119pnionych zasob\u00f3w mo\u017cna korzysta\u0107 r\u00f3wnie\u017c poprzez bezp\u0142atn\u0105 aplikacj\u0119 mobiln\u0105.<\/p>\n\n\n\n<p><a href=\"https:\/\/wolnelektury.pl\/media\/book\/pdf\/sonety-krymskie.pdf\"><em>Sonety krymskie<\/em>&nbsp;to cykl 18 sonet\u00f3w, b\u0119d\u0105cych opisem wyprawy Adama Mickiewicza na Krym jesieni\u0105 1825 roku. Pierwszy raz opublikowane zosta\u0142y rok p\u00f3\u017aniej, wraz z&nbsp;<em>Sonetami odeskimi<\/em>&nbsp;w Moskwie pod wsp\u00f3ln\u0105 nazw\u0105&nbsp;<em>Sonety<\/em>.<\/a><\/p>\n\n\n\n<p>Adam Mickiewicz nazywa\u0142 Krym \u201eminiatur\u0105 wschodu\u201d, a wsch\u00f3d by\u0142 jego fascynacj\u0105 jako opozycja do kultury zachodniej \u2014 europejskiej, kultury, jak\u0105 Mickiewicz zna\u0142 do tej pory.&nbsp;<em>Sonety<\/em>&nbsp;to jednocze\u015bnie liryka opisowa, jak i podr\u00f3\u017c romantyka. Podczas tej podr\u00f3\u017cy autor oczarowany natur\u0105 i, nieznan\u0105 mu do tej pory, kultur\u0105 sporz\u0105dza\u0142 notatki, kt\u00f3re pos\u0142u\u017cy\u0142y mu przy pisaniu sonet\u00f3w po powrocie do&nbsp;<em>Odessy<\/em>.   W&nbsp;<em>Sonetach krymskich<\/em>&nbsp;znajduj\u0105 si\u0119 takie utwory jak&nbsp;<em>Stepy Akerma\u0144skie<\/em>,&nbsp;<em>Bakczysaraj<\/em>&nbsp;czy&nbsp;<em>Widok g\u00f3r ze step\u00f3w Koz\u0142owa<\/em>.<\/p>\n\n\n\n<p>================================================================================<\/p>\n\n\n\n<p><a href=\"https:\/\/wolnelektury.pl\/media\/book\/pdf\/pan-tadeusz.pdf\"><em>Pan Tadeusz<\/em>&nbsp;Adama Mickiewicza stanowi spisan\u0105 trzynastozg\u0142oskowcem (a wi\u0119c stylem podnios\u0142ym), zawart\u0105 w dwunastu ksi\u0119gach epick\u0105 opowie\u015b\u0107 o szlachcie polskiej pocz\u0105tku XIX wieku. Jako&nbsp;<em>epopeja narodowa<\/em>, kt\u00f3ra mia\u0142a \u201etrafi\u0107 pod strzechy\u201d, czyli do wszystkich Polak\u00f3w, r\u00f3wnie\u017c tych niezaliczaj\u0105cych si\u0119 do elit maj\u0105tkowych, urz\u0119dniczych czy umys\u0142owych \u2014 jest prawdopodobnie najs\u0142ynniejszym dzie\u0142em czo\u0142owego polskiego poety romantycznego.<\/a><\/p>\n\n\n\n<p>W\u015br\u00f3d najwa\u017cniejszych w\u0105tk\u00f3w fabularnych&nbsp;<em>Pana Tadeusza<\/em>&nbsp;wymieni\u0107 nale\u017cy: sp\u00f3r o zamek Horeszk\u00f3w, histori\u0119 wa\u015bni Stolnika i Jacka Soplicy, w\u0105tek przemiany tego ostatniego z awanturnika w patriot\u0119, uwie\u0144czon\u0105 zar\u0119czynami mi\u0142o\u015b\u0107 Tadeusza i Zosi, romans m\u0142odzie\u0144ca z Telimen\u0105, kobiet\u0105 dojrza\u0142\u0105, sp\u00f3r Asesora z Rejentem o psy my\u015bliwskie (Kusego i Soko\u0142a), a przede wszystkim w\u0105tek niepodleg\u0142o\u015bciowy, zwi\u0105zany z wojnami napoleo\u0144skimi i walk\u0105 Polak\u00f3w pod sztandarami Ksi\u0119stwa Warszawskiego z Rosj\u0105. W zwi\u0105zku z tym w\u0105tkiem pojawiaj\u0105 si\u0119 na kartach Pana Tadeusza postacie historyczne: genera\u0142 Henryk D\u0105browski oraz genera\u0142 Kniaziewicz.<\/p>\n\n\n\n<p>Mickiewicz pisa\u0142&nbsp;<em>Pana Tadeusza<\/em>&nbsp;w Pary\u017cu, pocz\u0105wszy od 1832 roku; dzie\u0142o zosta\u0142o opublikowane w 1834 roku i od razu zyska\u0142o niema\u0142\u0105 popularno\u015b\u0107. Okre\u015blenia \u201eepopeja narodowa\u201d po raz pierwszy u\u017cyto w odniesieniu do&nbsp;<em>Pana Tadeusza<\/em>&nbsp;w 1863 roku, po dw\u00f3ch nieudanych zrywach niepodleg\u0142o\u015bciowych, i wi\u0105za\u0142o si\u0119 to raczej z politycznym zapotrzebowaniem na utw\u00f3r pe\u0142ni\u0105cy wobec Polak\u00f3w funkcje analogiczne do eposu homeryckiego: opisuj\u0105cy zbiorowo\u015b\u0107 wraz z jej wierzeniami i zwyczajami w decyduj\u0105cej chwili dziejowej. Gatunkowa przynale\u017cno\u015b\u0107 dzie\u0142a jest jednak bardziej skomplikowana ze wzgl\u0119du na wielo\u015b\u0107 element\u00f3w odwo\u0142uj\u0105cych si\u0119 do r\u00f3\u017cnych wzorc\u00f3w, np. poematu heroicznego, sielanki, gaw\u0119dy, satyry, powie\u015bci walterskotowskiej, gaw\u0119dy szlacheckiej.<\/p>\n\n\n\n<p>W\u015br\u00f3d inspiracji do powstania epopei o pe\u0142nym tytule:&nbsp;<em>Pan Tadeusz, czyli ostatni zajazd na Litwie<\/em>&nbsp;wymieni\u0107 nale\u017cy opowie\u015bci hrabiego Henryka Rzewuskiego, przysz\u0142ego autora&nbsp;<em>Pami\u0105tek Soplicy<\/em>, do kt\u00f3rych spisania, dok\u0142adnie takim stylem, jakim operowa\u0142, gdy je ze swad\u0105 opowiada\u0142, budz\u0105c ducha dawnej Rzeczpospolitej Obojga Narod\u00f3w \u2014 nak\u0142oni\u0142 Rzewuskiego Mickiewicz, kt\u00f3ry mia\u0142 okazj\u0119 s\u0142ucha\u0107 magnata na jesieni 1830 roku w Rzymie, zanim jak grom spad\u0142a na\u0144 wie\u015b\u0107 o wybuchu powstania.<\/p>\n\n\n\n<p><em>Pan Tadeusz<\/em>, jako utw\u00f3r jednego z romantycznych wieszcz\u00f3w \u2014 jak w duchu epoki zwano wybitnych poet\u00f3w, kt\u00f3rym z racji dzia\u0142ania w stanie natchnienia przypisywano zdolno\u015b\u0107 przenikania tajemnic los\u00f3w w\u0142asnej zbiorowo\u015bci, a nawet \u015bwiata \u2014 niew\u0105tpliwie mia\u0142 za zadanie podnie\u015b\u0107 na duchu Polak\u00f3w po upadku powstania listopadowego i wyznaczy\u0107 im kierunek dzia\u0142ania: zgod\u0119 narodow\u0105. Nawet w scenach pe\u0142nych przemocy czy dramatycznych Mickiewiczowska epopeja tchnie duchem harmonii i pogod\u0105 ducha. Fenomen ten przypisa\u0107 nale\u017cy zapewne zdolno\u015bciom tw\u00f3rczym Adama Mickiewicza, ale mo\u017ce r\u00f3wnie\u017c okoliczno\u015bciom powstania utworu.<\/p>\n\n\n\n<p>Zaczyn dzie\u0142a powsta\u0142 w 1831 roku, w zaciszu szlacheckiego dworku w Wielkopolsce, gdzie poeta znalaz\u0142 go\u015bcin\u0119, serdeczno\u015b\u0107, uznanie dla swego talentu i mi\u0142o\u015b\u0107 Konstancji \u0141ubie\u0144skiej: wszystkie te ingrediencje sk\u0142adaj\u0105 si\u0119 na sielankowy opis Soplicowa. Mickiewicz jecha\u0142 w\u00f3wczas do powstania, o kt\u00f3rym wie\u015b\u0107 zaskoczy\u0142a go w trakcie europejskich woja\u017cy; rwa\u0142 si\u0119 do boju, cho\u0107 nie wierzy\u0142 w mo\u017cliwo\u015b\u0107 powodzenia zrywu. Zatrzyma\u0142 si\u0119, zachwyci\u0142 polsk\u0105 atmosfer\u0105 \u2014 i do powstania nie do\u0142\u0105czy\u0142. Zapewne dobrze si\u0119 sta\u0142o, je\u015bli na rzecz patrze\u0107 pod k\u0105tem dorobku kultury polskiej.<\/p>\n\n\n\n<p>================================================================================<\/p>\n\n\n\n<p><a href=\"https:\/\/literat.ug.edu.pl\/index.htm\"><strong>BIBLIOTEKA LITERATURY POLSKIEJ W INTERNECIE<br><small>KATEDRA KULTUROZNAWSTWA WYDZIA\u0141 FILOLOGICZNY<br><\/small>UNIWERSYTET GDA\u0143SKI<\/strong> &#8211; <strong>PRZEWODNIK PO LITERACKICH ZASOBACH INTERNETU MULTIMEDIA, DOKUMENTACJA FOTOGRAFICZNA<br>MISCELLANEA LITERACKIE &#8211; GDA\u0143SK<\/strong><\/a><\/p>\n\n\n\n<p>================================================================================<\/p>\n\n\n\n<p><a href=\"https:\/\/www.sbc.org.pl\/dlibra\/collectiondescription\/110?dirids=110&amp;language=pl\">Ksi\u0105\u017cnica Cieszy\u0144ska, utworzona w 1994 roku,&nbsp;jest komunaln\u0105 bibliotek\u0105 o charakterze naukowym. Jej zbiory, licz\u0105ce w sumie ok. 130 000 wolumin\u00f3w, w tym ok. 18 500 starych druk\u00f3w, a ponadto ok. 17 000 jednostek inwentarzowych r\u0119kopis\u00f3w, zawieraj\u0105 kilka zabytkowych kolekcji bibliotecznych o regionalnej proweniencji<\/a>. W ich sk\u0142ad wchodz\u0105 zar\u00f3wno r\u0119kopisy i druki powsta\u0142e w regionie, jak i pi\u015bmiennictwo, kt\u00f3re pocz\u0105wszy od \u015bredniowiecza dociera\u0142o na \u015al\u0105sk Cieszy\u0144ski, inspiruj\u0105c rozw\u00f3j kultury regionu i kszta\u0142tuj\u0105c jej specyfik\u0119. Znale\u017a\u0107 tu mo\u017cna dzie\u0142a napisane w wi\u0119kszo\u015bci j\u0119zyk\u00f3w europejskich, zwi\u0105zane z r\u00f3\u017cnymi kr\u0119gami narodowymi i wyznaniowymi, reprezentatywne dla wszystkich obecnych w kulturze europejskiej nurt\u00f3w ideowych. Ze wzgl\u0119du na swoj\u0105 proweniencj\u0119, histori\u0119 okre\u015blan\u0105 wielowiekowym zwi\u0105zkiem z regionem, a tak\u017ce zawarto\u015b\u0107, zbiory te \u2013 zar\u00f3wno jako zesp\u00f3\u0142 kolekcji, jak i zbi\u00f3r pojedynczych egzemplarzy, nierzadko cennych i unikalnych w skali uniwersalnej \u2013 stanowi\u0105 nie tylko najwa\u017cniejszy zabytek pi\u015bmienniczej kultury regionu i podstawow\u0105 baz\u0119 \u017ar\u00f3d\u0142ow\u0105 do bada\u0144 nad jego przesz\u0142o\u015bci\u0105, ale tak\u017ce istotny sk\u0142adnik europejskiego dziedzictwa kultury.<\/p>\n\n\n\n<p>================================================================================<\/p>\n\n\n\n<p><a href=\"https:\/\/books.google.com\/?hl=en\">Books.Google.com &#8211; przeszukuje najobszerniejszy na \u015bwiecie indeks ksi\u0105\u017cek pe\u0142notekstowych.<\/a><\/p>\n\n\n\n<p>================================================================================<\/p>\n\n\n\n<p><\/p>\n","protected":false},"excerpt":{"rendered":"<p>WolneLektury.pl to biblioteka internetowa czynna 24 godziny na dob\u0119, 365 dni w roku, kt\u00f3rej zasoby dost\u0119pne s\u0105 ca\u0142kowicie za darmo. W jej zbiorach znajduje si\u0119&nbsp;6070&nbsp;utwor\u00f3w, w tym wiele lektur szkolnych. W bibliotece znajduje si\u0119 kilkaset audiobook\u00f3w, czytanych przez znanych aktor\u00f3w jak: Danuta Stenka, Jan Peszek, Andrzej Chyra, Paulina Holtz, Andrzej Seweryn czy Adam Fidusiewicz. Mo\u017cna &hellip; <a href=\"https:\/\/jurewicz.us\/?page_id=236\" class=\"more-link\">Continue reading<span class=\"screen-reader-text\"> &#8220;in Polish&#8221;<\/span><\/a><\/p>\n","protected":false},"author":1,"featured_media":0,"parent":0,"menu_order":0,"comment_status":"closed","ping_status":"closed","template":"","meta":{"footnotes":""},"class_list":["post-236","page","type-page","status-publish","hentry"],"_links":{"self":[{"href":"https:\/\/jurewicz.us\/index.php?rest_route=\/wp\/v2\/pages\/236","targetHints":{"allow":["GET"]}}],"collection":[{"href":"https:\/\/jurewicz.us\/index.php?rest_route=\/wp\/v2\/pages"}],"about":[{"href":"https:\/\/jurewicz.us\/index.php?rest_route=\/wp\/v2\/types\/page"}],"author":[{"embeddable":true,"href":"https:\/\/jurewicz.us\/index.php?rest_route=\/wp\/v2\/users\/1"}],"replies":[{"embeddable":true,"href":"https:\/\/jurewicz.us\/index.php?rest_route=%2Fwp%2Fv2%2Fcomments&post=236"}],"version-history":[{"count":9,"href":"https:\/\/jurewicz.us\/index.php?rest_route=\/wp\/v2\/pages\/236\/revisions"}],"predecessor-version":[{"id":751,"href":"https:\/\/jurewicz.us\/index.php?rest_route=\/wp\/v2\/pages\/236\/revisions\/751"}],"wp:attachment":[{"href":"https:\/\/jurewicz.us\/index.php?rest_route=%2Fwp%2Fv2%2Fmedia&parent=236"}],"curies":[{"name":"wp","href":"https:\/\/api.w.org\/{rel}","templated":true}]}}