{"id":115,"date":"2021-07-20T16:56:35","date_gmt":"2021-07-20T16:56:35","guid":{"rendered":"http:\/\/jurewicz.us\/?page_id=115"},"modified":"2021-07-22T02:36:47","modified_gmt":"2021-07-22T02:36:47","slug":"historical-photos-of-the-jurewicz-family","status":"publish","type":"page","link":"https:\/\/jurewicz.us\/?page_id=115","title":{"rendered":"Historical photos of the Jurewicz family."},"content":{"rendered":"\n<p style=\"text-align:center\"><em><a href=\"https:\/\/jurewicz-h-lubicz.blogspot.com\/\">Holidays at Jurewicz\u00f3w \/ Azarycze 1906<\/a><\/em><\/p>\n\n\n\n<figure class=\"wp-block-image\"><img loading=\"lazy\" decoding=\"async\" width=\"1024\" height=\"768\" src=\"https:\/\/jurewicz.us\/wp-content\/uploads\/2021\/07\/1917-Jurewicz-family-1-1024x768.jpg\" alt=\"\" class=\"wp-image-116\" srcset=\"https:\/\/jurewicz.us\/wp-content\/uploads\/2021\/07\/1917-Jurewicz-family-1.jpg 1024w, https:\/\/jurewicz.us\/wp-content\/uploads\/2021\/07\/1917-Jurewicz-family-1-300x225.jpg 300w, https:\/\/jurewicz.us\/wp-content\/uploads\/2021\/07\/1917-Jurewicz-family-1-768x576.jpg 768w\" sizes=\"auto, (max-width: 709px) 85vw, (max-width: 909px) 67vw, (max-width: 1362px) 62vw, 840px\" \/><figcaption> Gabriel Jurewicz (born 1725), the Pethorski ensign. Mentioned in the letter of speech on January 20, 1741, in the lifetime letter on November 4, 1767 and in the lawsuit on June 16, 1766, he sold a part of the Jurewszczyna farm to Jan Strumille on March 20, 1776. The sales contract was entered in the books of April 27, 1776 of the Main Tribunal of the Grand Duchy of Lithuania, and on August 13, 1787. to the files of the Minsk municipal court. Retired on April 19, 1794 <br> Anna Sobowska, by the testament of April 8, 1782, she sold the part of the Jurewszczyna farm she owed to Jan Strumille. The will was entered in the books of the Oszmiana municipal court. <br> 1.1 Micha\u0142 Jurewicz (born 05.1767)<br> 1.1.1 Eliasz Jurewicz (1797 &#8211; 19.11.1853 Nied\u017awiedzin)<br> Magdalena Kabordo <br> 1.1.1.1 Bonifacy Jurewicz (born 1832) lived in the Nied\u017awiedzina backwater of the Minsk district in 1879.<br> 1.1.1.2 Kalikst Jurewicz (born 1835)<br> 1.1.1.3 Felicjana Jurewicz (1837 &#8211; 25\/12\/1862 Minsk)<br> 1.1.1.4 Felicjan Jurewicz (born 1841)<br> 2 Franciszek Jurewicz (born 1799)<br> 1.2 Tadeusz Jurewicz (born 02.1774)<br> 1.3 Antoni Jurewicz (1775 &#8211; 19.02.1840 Nied\u017awiedzin)<br> 1.4 Wincenty Jurewicz (born on 06.1776, Drohobyl)<br> Anna <br> 1.4.1 Antoni Aleksander Jurewicz (05.1811 Drohobyl &#8211; 12.10.1857) He is buried in Sto\u0142owicz at the parish cemetery.<br> 1.4.2 J\u00f3zef Hipolit Jurewicz (born 07.1814 Drohobyl)<br> 1.4.3 Franciszek Wincenty Jurewicz (born in 1820 Drohobyl)<br> 1.4.4 Karol Kacper Hieronim Jurewicz (01.1823 Bobr\u00f3wka &#8211; 27.10.1896 Drohobyl)<br> J\u00f3zef Jasiewicz <br> 1.4.4.1 Antoni Jurewicz (1852 &#8211; 1910)<br> Helena Maria Paprocka (died 1933) <br> 1.4.4.1.1 Antoni Modest Jurewicz (1883 &#8211; 1902)<br> 1.4.4.1.2 Stanis\u0142aw Jurewicz (1884 &#8211; 1918)<br> Zofia Gnoi\u0144ska <br> 1.4.4.1.2.1 Jadwiga Jurewicz (born 1916)<br> Modest Milewski <br> 1.4.4.1.3 Leon Albert Jurewicz (1885 &#8211; November 16, 1971, Warsaw) Buried in Pow\u0105zki 19-1-25 \/ 26<br> Wiktoria Agnieszka Gondecka (12\/12\/1886 Warsaw &#8211; June 24, 1952 Warsaw) wedding in Warsaw in 1913. Buried in Pow\u0105zki 19-1-25 \/ 26. <br> 1.4.4.1.3.1 Jadwiga Jurewicz (1914 &#8211; June 12, 2007)<br> Mieczys\u0142aw Czajkowski (1909 &#8211; 10\/09\/1954)<br> Feliks Szylarski (1902 &#8211; 1976)<br> W\u0142adys\u0142aw Termer (born 1908) <br> 1.4.4.1.3.2 Helena Ewa Jurewicz (1917 &#8211; March 1, 2016 Toronto) Buried in Pow\u0105zki 19-1-25 \/ 26<br> J\u00f3zef Rozinowicz (1910 &#8211; 02\/28\/1989 Warsaw). He is buried in Pow\u0105zki 19-1-25 \/ 26 in Warsaw. <br> 1.4.4.1.4 Wojciech Karol Jurewicz (1888 &#8211; 1939 Siberia)<br> a. Antonina Jagucza\u0144ska<br> former Bronis\u0142awa Skinder (1904 &#8211; March 23, 1986, Warsaw). She is buried in Pow\u0105zki 154-6-15. <br> 1.4.4.1.4.1.b Jerzy Jurewicz (1933 &#8211; 1989)<br> Helena Romanowska (born 1933) <br> 1.4.4.1.4.2.b Ryszard Jurewicz (1936 &#8211; 07\/12\/2017 Szczecin)<br> 1.4.4.1.5 Maria J\u00f3zefa Jurewicz (1890 &#8211; 1972)<br> Bonifacy Jacewicz (August 28, 1889 &#8211; 1940, Katyn) Lt. infantryman Res. He served in 22 pp. Promoted to the rank of cf. with elder. June 1, 1919, assigned to the officer cadre of OK III. Chemical technician, worked at the Labor Inspectorate in Bia\u0142ystok (source: L.S. 3952; CAW, Ap 175; MKat., Collection of rel. And edited; ROR 1934.) <br> 1.4.4.1.6 Wanda Jurewicz (1900 &#8211; 04\/11\/1974)<br> Kazimierz Bargie\u0142owski (1888 &#8211; 1972) <br> 1.4.4.2 Fortunat Jan Jurewicz (1854 &#8211; 1921)<br> Zofia Szyszko (August 6, 1865, Voznesensk &#8211; 1952) <br> 1.4.4.2.1 Witold Karol Jurewicz (1889 S\u0142onim &#8211; 23.11.1941 Siberia)<br> a. Helena Herubowicz<br> former Wiktoria Konko\u0142owicz (born 1912) <br> 1.4.4.2.1.1.b Irena Jurewicz (born 1933)<br> 1.4.4.2.2 Emilia Jurewicz (1890 &#8211; 02\/01\/1963)<br> Ignacy Wo\u0142odkowicz (October 24, 1882 Iwansk &#8211; July 3, 1944 S\u0142onim) Murdered by the Gestapo. <br> 1.4.4.2.3 Cezary Jurewicz (1902 &#8211; 1995 Newark, New Castle, Delaware USA)<br> Zofia Micha\u0142owska (November 9, 1905 &#8211; January 1, 1994 Newark, New Castle, Delaware USA) <br> 1.4.4.2.3.1 Janusz Jurewicz (born 1935)<br> Franciszka Kirwin (born 1937) <br> 1.4.4.2.3.2 Roman Jurewicz (born 1937)<br> Ma\u0142gorzata Jurgens (born 1939) <br> 1.4.4.2.3.3 Andrzej Karol Jurewicz (born 1940)<br> Sandy McClory (born 1950) <br> 1.4.4.3 Albina Jurewicz (March 15, 1853, Drohobyl &#8211; 1935 Wyszpol)<br> Miko\u0142aj \u0141aszkiewicz, pharmacist <br> 1.4.4.4 Jan Felicjan Jurewicz (1858 &#8211; 1918 St. Petersburg) Murdered by the Bolsheviks.<br> Natasha <br> 1.4.4.4.1 Miko\u0142aj Karol Jurewicz (1900 &#8211; 1918 St. Petersburg) Murdered by the Bolsheviks<br> 1.4.4.5 J\u00f3zef Ferdynand Jurewicz (01\/06\/1860 Drohobyl &#8211; 1954 Sopot) Buried at the Catholic Cemetery in Sopot<br> Maria Kalinowska (1875 &#8211; 1951 Sopot) Buried in the Catholic Cemetery in Sopot. <br> 1.4.4.5.1 Janina Jurewicz (1903 &#8211; 1954) Buried at the Catholic Cemetery in Sopot.<br> Mieczys\u0142aw Wysocki (1905 &#8211; 1967) Buried in the Catholic Cemetery in Sopot. <br> 1.4.4.5.2 Zygmunt Jurewicz (1905 &#8211; 1939 Siberia)<br> Leokadia Florianowicz <br> 1.4.4.5.3 Stefan Jurewicz (born 1907)<br> a. Bronis\u0142awa Baran (1909 &#8211; 1957)<br> former Jadwiga Kotarska (born 1917) <br> 1.4.4.5.3.1.a Danuta Jurewicz (born 1934)<br> Jan Chaber (born 1931) <br> 1.4.4.5.3.2.a Bo\u017cena Jurewicz (born 1935)<br> Romuald Kobielski (born 1930) <br> 1.4.4.5.3.3.a Janusz Jurewicz (born 1937)<br> Otylia Roik (born 1941) <br> 1.4.4.5.3.4.a Krystyna Jurewicz (born 1948)<br> 1.4.4.5.3.5.b W\u0142odzimierz Jurewicz<br><\/figcaption><\/figure>\n\n\n\n<figure class=\"wp-block-image\"><img loading=\"lazy\" decoding=\"async\" width=\"1024\" height=\"768\" src=\"https:\/\/jurewicz.us\/wp-content\/uploads\/2021\/07\/002-Azarycze-1-1024x768.jpg\" alt=\"\" class=\"wp-image-168\" srcset=\"https:\/\/jurewicz.us\/wp-content\/uploads\/2021\/07\/002-Azarycze-1.jpg 1024w, https:\/\/jurewicz.us\/wp-content\/uploads\/2021\/07\/002-Azarycze-1-300x225.jpg 300w, https:\/\/jurewicz.us\/wp-content\/uploads\/2021\/07\/002-Azarycze-1-768x576.jpg 768w\" sizes=\"auto, (max-width: 709px) 85vw, (max-width: 909px) 67vw, (max-width: 1362px) 62vw, 840px\" \/><figcaption> <br><a href=\"https:\/\/jurewicz-h-lubicz.blogspot.com\/\">Azarycze 1929 r.<\/a> <\/figcaption><\/figure>\n\n\n\n<p><\/p>\n\n\n\n<ul class=\"wp-block-gallery columns-3 is-cropped wp-block-gallery-1 is-layout-flex wp-block-gallery-is-layout-flex\"><li class=\"blocks-gallery-item\"><figure><img loading=\"lazy\" decoding=\"async\" width=\"768\" height=\"1024\" src=\"https:\/\/jurewicz.us\/wp-content\/uploads\/2021\/07\/Albina-Jurewicz-15.03.1853-r.-Drohobyl-1935-Wyszpol-2-768x1024.jpg\" alt=\"\" data-id=\"124\" data-link=\"https:\/\/jurewicz.us\/?attachment_id=124\" class=\"wp-image-124\" srcset=\"https:\/\/jurewicz.us\/wp-content\/uploads\/2021\/07\/Albina-Jurewicz-15.03.1853-r.-Drohobyl-1935-Wyszpol-2.jpg 768w, https:\/\/jurewicz.us\/wp-content\/uploads\/2021\/07\/Albina-Jurewicz-15.03.1853-r.-Drohobyl-1935-Wyszpol-2-225x300.jpg 225w\" sizes=\"auto, (max-width: 768px) 85vw, 768px\" \/><figcaption>Albina Jurewicz 15.03.1853 r. Drohobyl &#8211; 1935 Wyszpol<\/figcaption><\/figure><\/li><li class=\"blocks-gallery-item\"><figure><img loading=\"lazy\" decoding=\"async\" width=\"768\" height=\"1024\" src=\"https:\/\/jurewicz.us\/wp-content\/uploads\/2021\/07\/Anna-Jurewicz-1862-1953-Mikoszewo-1-768x1024.jpg\" alt=\"\" data-id=\"125\" data-link=\"https:\/\/jurewicz.us\/?attachment_id=125\" class=\"wp-image-125\" srcset=\"https:\/\/jurewicz.us\/wp-content\/uploads\/2021\/07\/Anna-Jurewicz-1862-1953-Mikoszewo-1.jpg 768w, https:\/\/jurewicz.us\/wp-content\/uploads\/2021\/07\/Anna-Jurewicz-1862-1953-Mikoszewo-1-225x300.jpg 225w\" sizes=\"auto, (max-width: 768px) 85vw, 768px\" \/><figcaption>Anna Jurewicz 1862 &#8211; 1953 Mikoszewo<\/figcaption><\/figure><\/li><li class=\"blocks-gallery-item\"><figure><img loading=\"lazy\" decoding=\"async\" width=\"768\" height=\"1024\" src=\"https:\/\/jurewicz.us\/wp-content\/uploads\/2021\/07\/Antoni-Jurewicz-z-\u017con\u0105-Helen\u0105-Paprock\u0105-001-1-768x1024.jpg\" alt=\"\" data-id=\"126\" data-link=\"https:\/\/jurewicz.us\/?attachment_id=126\" class=\"wp-image-126\" srcset=\"https:\/\/jurewicz.us\/wp-content\/uploads\/2021\/07\/Antoni-Jurewicz-z-\u017con\u0105-Helen\u0105-Paprock\u0105-001-1.jpg 768w, https:\/\/jurewicz.us\/wp-content\/uploads\/2021\/07\/Antoni-Jurewicz-z-\u017con\u0105-Helen\u0105-Paprock\u0105-001-1-225x300.jpg 225w\" sizes=\"auto, (max-width: 768px) 85vw, 768px\" \/><figcaption>Helen\u0105 Paprocka and Antoni Jurewicz<\/figcaption><\/figure><\/li><li class=\"blocks-gallery-item\"><figure><img loading=\"lazy\" decoding=\"async\" width=\"390\" height=\"594\" src=\"https:\/\/jurewicz.us\/wp-content\/uploads\/2021\/07\/Bonifacy-Jacewicz-28.08.1889-1940-Katy\u0144-1.jpg\" alt=\"\" data-id=\"127\" data-link=\"https:\/\/jurewicz.us\/?attachment_id=127\" class=\"wp-image-127\" srcset=\"https:\/\/jurewicz.us\/wp-content\/uploads\/2021\/07\/Bonifacy-Jacewicz-28.08.1889-1940-Katy\u0144-1.jpg 390w, https:\/\/jurewicz.us\/wp-content\/uploads\/2021\/07\/Bonifacy-Jacewicz-28.08.1889-1940-Katy\u0144-1-197x300.jpg 197w\" sizes=\"auto, (max-width: 390px) 85vw, 390px\" \/><figcaption>Bonifacy Jacewicz 28.08.1889 &#8211; 1940 Katy\u0144<\/figcaption><\/figure><\/li><li class=\"blocks-gallery-item\"><figure><img loading=\"lazy\" decoding=\"async\" width=\"768\" height=\"1024\" src=\"https:\/\/jurewicz.us\/wp-content\/uploads\/2021\/07\/Emilia-Jurewicz-1890-01.02.1963-1-768x1024.jpg\" alt=\"\" data-id=\"130\" data-link=\"https:\/\/jurewicz.us\/?attachment_id=130\" class=\"wp-image-130\" srcset=\"https:\/\/jurewicz.us\/wp-content\/uploads\/2021\/07\/Emilia-Jurewicz-1890-01.02.1963-1.jpg 768w, https:\/\/jurewicz.us\/wp-content\/uploads\/2021\/07\/Emilia-Jurewicz-1890-01.02.1963-1-225x300.jpg 225w\" sizes=\"auto, (max-width: 768px) 85vw, 768px\" \/><figcaption>Emilia Jurewicz 1890 &#8211; 01.02.1963<\/figcaption><\/figure><\/li><li class=\"blocks-gallery-item\"><figure><img loading=\"lazy\" decoding=\"async\" width=\"768\" height=\"1024\" src=\"https:\/\/jurewicz.us\/wp-content\/uploads\/2021\/07\/Jadzia-Jurewicz-001-1-768x1024.jpg\" alt=\"\" data-id=\"131\" data-link=\"https:\/\/jurewicz.us\/?attachment_id=131\" class=\"wp-image-131\" srcset=\"https:\/\/jurewicz.us\/wp-content\/uploads\/2021\/07\/Jadzia-Jurewicz-001-1.jpg 768w, https:\/\/jurewicz.us\/wp-content\/uploads\/2021\/07\/Jadzia-Jurewicz-001-1-225x300.jpg 225w\" sizes=\"auto, (max-width: 768px) 85vw, 768px\" \/><figcaption>Jadzia Jurewicz <\/figcaption><\/figure><\/li><li class=\"blocks-gallery-item\"><figure><img loading=\"lazy\" decoding=\"async\" width=\"768\" height=\"1024\" src=\"https:\/\/jurewicz.us\/wp-content\/uploads\/2021\/07\/Jan-Felicjan-Jurewicz-1858-1918-Petersburg-Zamordowany-przez-bolszewikow-1-768x1024.jpg\" alt=\"\" data-id=\"132\" data-link=\"https:\/\/jurewicz.us\/?attachment_id=132\" class=\"wp-image-132\" srcset=\"https:\/\/jurewicz.us\/wp-content\/uploads\/2021\/07\/Jan-Felicjan-Jurewicz-1858-1918-Petersburg-Zamordowany-przez-bolszewikow-1.jpg 768w, https:\/\/jurewicz.us\/wp-content\/uploads\/2021\/07\/Jan-Felicjan-Jurewicz-1858-1918-Petersburg-Zamordowany-przez-bolszewikow-1-225x300.jpg 225w\" sizes=\"auto, (max-width: 768px) 85vw, 768px\" \/><figcaption>Jan Felicjan Jurewicz 1858 &#8211; 1918 Petersburg &#8211; killed by the Bolsheviks.<\/figcaption><\/figure><\/li><li class=\"blocks-gallery-item\"><figure><img loading=\"lazy\" decoding=\"async\" width=\"768\" height=\"1024\" src=\"https:\/\/jurewicz.us\/wp-content\/uploads\/2021\/07\/J\u00f3zef-Ferdynand-Jurewicz-01.06.1860-Drohobyl-1954-Sopot-2-768x1024.jpg\" alt=\"\" data-id=\"134\" data-link=\"https:\/\/jurewicz.us\/?attachment_id=134\" class=\"wp-image-134\" srcset=\"https:\/\/jurewicz.us\/wp-content\/uploads\/2021\/07\/J\u00f3zef-Ferdynand-Jurewicz-01.06.1860-Drohobyl-1954-Sopot-2.jpg 768w, https:\/\/jurewicz.us\/wp-content\/uploads\/2021\/07\/J\u00f3zef-Ferdynand-Jurewicz-01.06.1860-Drohobyl-1954-Sopot-2-225x300.jpg 225w\" sizes=\"auto, (max-width: 768px) 85vw, 768px\" \/><figcaption>J\u00f3zef Ferdynand Jurewicz 01.06.1860 Drohobyl &#8211; 1954 Sopot<\/figcaption><\/figure><\/li><li class=\"blocks-gallery-item\"><figure><img loading=\"lazy\" decoding=\"async\" width=\"768\" height=\"1024\" src=\"https:\/\/jurewicz.us\/wp-content\/uploads\/2021\/07\/Leon-Albert-Jurewicz-1885-16.11.1971-2-768x1024.jpg\" alt=\"\" data-id=\"137\" data-link=\"https:\/\/jurewicz.us\/?attachment_id=137\" class=\"wp-image-137\" srcset=\"https:\/\/jurewicz.us\/wp-content\/uploads\/2021\/07\/Leon-Albert-Jurewicz-1885-16.11.1971-2.jpg 768w, https:\/\/jurewicz.us\/wp-content\/uploads\/2021\/07\/Leon-Albert-Jurewicz-1885-16.11.1971-2-225x300.jpg 225w\" sizes=\"auto, (max-width: 768px) 85vw, 768px\" \/><figcaption>Leon Albert Jurewicz 1885 &#8211; 16.11.1971<\/figcaption><\/figure><\/li><\/ul>\n","protected":false},"excerpt":{"rendered":"<p>Holidays at Jurewicz\u00f3w \/ Azarycze 1906<\/p>\n","protected":false},"author":1,"featured_media":0,"parent":0,"menu_order":0,"comment_status":"closed","ping_status":"closed","template":"","meta":{"footnotes":""},"class_list":["post-115","page","type-page","status-publish","hentry"],"_links":{"self":[{"href":"https:\/\/jurewicz.us\/index.php?rest_route=\/wp\/v2\/pages\/115","targetHints":{"allow":["GET"]}}],"collection":[{"href":"https:\/\/jurewicz.us\/index.php?rest_route=\/wp\/v2\/pages"}],"about":[{"href":"https:\/\/jurewicz.us\/index.php?rest_route=\/wp\/v2\/types\/page"}],"author":[{"embeddable":true,"href":"https:\/\/jurewicz.us\/index.php?rest_route=\/wp\/v2\/users\/1"}],"replies":[{"embeddable":true,"href":"https:\/\/jurewicz.us\/index.php?rest_route=%2Fwp%2Fv2%2Fcomments&post=115"}],"version-history":[{"count":11,"href":"https:\/\/jurewicz.us\/index.php?rest_route=\/wp\/v2\/pages\/115\/revisions"}],"predecessor-version":[{"id":173,"href":"https:\/\/jurewicz.us\/index.php?rest_route=\/wp\/v2\/pages\/115\/revisions\/173"}],"wp:attachment":[{"href":"https:\/\/jurewicz.us\/index.php?rest_route=%2Fwp%2Fv2%2Fmedia&parent=115"}],"curies":[{"name":"wp","href":"https:\/\/api.w.org\/{rel}","templated":true}]}}