{"id":1049,"date":"2024-06-07T01:15:57","date_gmt":"2024-06-07T01:15:57","guid":{"rendered":"http:\/\/jurewicz.us\/?page_id=1049"},"modified":"2024-06-07T02:25:56","modified_gmt":"2024-06-07T02:25:56","slug":"zbrodnia-wolynska-czystka-etniczna-o-charakterze-ludobojstwa","status":"publish","type":"page","link":"https:\/\/jurewicz.us\/?page_id=1049","title":{"rendered":"Zbrodnia wo\u0142y\u0144ska \u2013 czystka etniczna o charakterze ludob\u00f3jstwa."},"content":{"rendered":"\n<p><strong>11 i 12 lipca 1943 r. UPA dokona\u0142a skoordynowanego ataku na polskich mieszka\u0144c\u00f3w 150 miejscowo\u015bci na Wo\u0142yniu. W sumie w latach 1943-45 na Wo\u0142yniu i w Galicji Wschodniej zgin\u0119\u0142o ok. 100 tys. Polak\u00f3w, zamordowanych przez oddzia\u0142y Ukrai\u0144skiej Armii Powsta\u0144czej i miejscow\u0105 ludno\u015b\u0107 ukrai\u0144sk\u0105. Wydarzenia te przesz\u0142y do historii jako Zbrodnia Wo\u0142y\u0144ska.<\/strong><\/p>\n\n\n\n<figure class=\"wp-block-image size-full\"><img loading=\"lazy\" decoding=\"async\" width=\"750\" height=\"500\" src=\"https:\/\/jurewicz.us\/wp-content\/uploads\/2024\/06\/Rodzina-Jasionczakow-z-Woli-Ostrowieckiej-zamordowana-w-1943-r.-przez-UPA.jpg\" alt=\"\" class=\"wp-image-1058\" srcset=\"https:\/\/jurewicz.us\/wp-content\/uploads\/2024\/06\/Rodzina-Jasionczakow-z-Woli-Ostrowieckiej-zamordowana-w-1943-r.-przez-UPA.jpg 750w, https:\/\/jurewicz.us\/wp-content\/uploads\/2024\/06\/Rodzina-Jasionczakow-z-Woli-Ostrowieckiej-zamordowana-w-1943-r.-przez-UPA-300x200.jpg 300w\" sizes=\"auto, (max-width: 750px) 85vw, 750px\" \/><\/figure>\n\n\n\n<p class=\"has-text-align-center\"><strong><em>Rodzina Jasio\u0144czak\u00f3w z Woli Ostrowieckiej, zamordowana w 1943 r. przez UPA.\u00a0<\/em><\/strong><\/p>\n\n\n\n<p><span style=\"background-color: rgb(255, 255, 255); color: rgb(0, 0, 0); font-family: Muli, sans-serif; font-size: 18px; white-space-collapse: collapse;\">Sprawcy zbrodni wo\u0142y\u0144skiej to Organizacja Ukrai\u0144skich Nacjonalist\u00f3w \u2013 frakcja Stepana Bandery, podporz\u0105dkowana jej Ukrai\u0144ska Powsta\u0144cza Armia oraz ludno\u015b\u0107 ukrai\u0144ska uczestnicz\u0105ca w mordach swoich polskich s\u0105siad\u00f3w. OUN-UPA nazywa\u0142a swoje dzia\u0142ania \u201eantypolsk\u0105 akcj\u0105\u201d. To okre\u015blenie ukrywa\u0142o zamiar, jakim by\u0142o wymordowanie i wyp\u0119dzenie Polak\u00f3w.<\/span><p style=\"box-sizing: border-box; margin-bottom: 40px; font-size: 18px; line-height: 28px; color: rgb(0, 0, 0); font-family: Muli, sans-serif; white-space-collapse: collapse; background-color: rgb(255, 255, 255);\">Pierwszy masowy mord na ludno\u015bci polskiej na Wo\u0142yniu zosta\u0142 dokonany 9 lutego 1943 r. przez oddzia\u0142 Ukrai\u0144skiej Armii Powsta\u0144czej, kt\u00f3ry zamordowa\u0142 173 Polak\u00f3w we wsi Paro\u015bla I w powiecie sarne\u0144skim.<\/p><\/p>\n\n\n\n<p><p style=\"box-sizing: border-box; margin-bottom: 40px; font-size: 18px; line-height: 28px; color: rgb(0, 0, 0); font-family: Muli, sans-serif; white-space-collapse: collapse; background-color: rgb(255, 255, 255);\">Wp\u0142yw na nasilenie si\u0119 fali zbrodni mia\u0142o porzucenie w marcu i kwietniu 1943 roku przez policjant\u00f3w ukrai\u0144skich s\u0142u\u017cby na rzecz Niemiec i przej\u015bcie w szeregi UPA. Wielu z tych policjant\u00f3w bra\u0142o wcze\u015bniej udzia\u0142 w zag\u0142adzie \u017byd\u00f3w. W nocy z 22 na 23 kwietnia 1943 roku UPA spali\u0142a osad\u0119 Janowa Dolina i zamordowa\u0142a ok. 600 Polak\u00f3w.<\/p><\/p>\n\n\n\n<figure class=\"wp-block-image size-full\"><img loading=\"lazy\" decoding=\"async\" width=\"800\" height=\"547\" src=\"https:\/\/jurewicz.us\/wp-content\/uploads\/2024\/06\/Victim-of-the-UPA-attack-on-train1944-06-16-near-Zatyl.jpg\" alt=\"\" class=\"wp-image-1060\" srcset=\"https:\/\/jurewicz.us\/wp-content\/uploads\/2024\/06\/Victim-of-the-UPA-attack-on-train1944-06-16-near-Zatyl.jpg 800w, https:\/\/jurewicz.us\/wp-content\/uploads\/2024\/06\/Victim-of-the-UPA-attack-on-train1944-06-16-near-Zatyl-300x205.jpg 300w, https:\/\/jurewicz.us\/wp-content\/uploads\/2024\/06\/Victim-of-the-UPA-attack-on-train1944-06-16-near-Zatyl-768x525.jpg 768w\" sizes=\"auto, (max-width: 800px) 85vw, 800px\" \/><figcaption class=\"wp-element-caption\"><strong><em>1944-06, Lubycza Kr\u00f3lewska k\/Be\u0142\u017cca, Polska.<br>Zw\u0142oki i ranne kobiety z Be\u0142\u017cca i Tomaszowa Lubelskiego zabrane z miejsca zbrodni.<\/em><\/strong><\/figcaption><\/figure>\n\n\n\n<p>Szczeg\u00f3lne nasilenie zbrodni nast\u0105pi\u0142o w lipcu 1943 roku. Zamordowano w\u00f3wczas ok. 10 &#8211; 11 tysi\u0119cy Polak\u00f3w. 11 i 12 lipca UPA dokona\u0142a skoordynowanego ataku na Polak\u00f3w w 150 miejscowo\u015bciach w powiatach w\u0142odzimierskim, horochowskim, kowelskim oraz \u0142uckim. Wykorzystano fakt gromadzenia si\u0119 w niedziel\u0119 11 lipca ludzi w ko\u015bcio\u0142ach. Dosz\u0142o do mord\u00f3w w \u015bwi\u0105tyniach m.in. w Porycku (dzi\u015b Pawliwka) i Kisielinie. Oko\u0142o 50 ko\u015bcio\u0142\u00f3w katolickich na Wo\u0142yniu zosta\u0142o spalonych i zburzonych.<\/p>\n\n\n<div class=\"wp-block-image\">\n<figure class=\"aligncenter size-full is-resized\"><img loading=\"lazy\" decoding=\"async\" width=\"800\" height=\"832\" src=\"https:\/\/jurewicz.us\/wp-content\/uploads\/2024\/06\/Victim-of-thhe-UPA-1943-Remains-of-the-victims-Ostrowki-i-Wola-Ostowiecka.jpg\" alt=\"\" class=\"wp-image-1061\" style=\"width:475px;height:auto\" srcset=\"https:\/\/jurewicz.us\/wp-content\/uploads\/2024\/06\/Victim-of-thhe-UPA-1943-Remains-of-the-victims-Ostrowki-i-Wola-Ostowiecka.jpg 800w, https:\/\/jurewicz.us\/wp-content\/uploads\/2024\/06\/Victim-of-thhe-UPA-1943-Remains-of-the-victims-Ostrowki-i-Wola-Ostowiecka-288x300.jpg 288w, https:\/\/jurewicz.us\/wp-content\/uploads\/2024\/06\/Victim-of-thhe-UPA-1943-Remains-of-the-victims-Ostrowki-i-Wola-Ostowiecka-768x799.jpg 768w\" sizes=\"auto, (max-width: 800px) 85vw, 800px\" \/><\/figure>\n<\/div>\n\n\n<p class=\"has-text-align-center\"><strong><em>Szcz\u0105tki ofiar z Ostr\u00f3wek i Woli Ostrowieckiej \u2013 1943<\/em><\/strong><\/p>\n\n\n\n<p>Zbrodni na Polakach dokonano w 1865 miejscach na Wo\u0142yniu. Najwi\u0119kszych masakr dokonano w Woli Ostrowieckiej, gdzie zamordowanych zosta\u0142o 628 Polak\u00f3w, w kolonii Gaj \u2013 600, w Ostr\u00f3wkach &#8211; 521, Ko\u0142odnie &#8211; 516.<\/p>\n\n\n\n<p>Zbrodnie na Polakach dokonywane by\u0142y niejednokrotnie z niebywa\u0142ym okrucie\u0144stwem, palono \u017cywcem, wrzucano do studni, u\u017cywano siekier i wide\u0142, wymy\u015blnie torturowano ofiary przed \u015bmierci\u0105 a tak\u017ce gwa\u0142cono kobiety.<\/p>\n\n\n\n<figure class=\"wp-block-image size-full\"><img loading=\"lazy\" decoding=\"async\" width=\"800\" height=\"568\" src=\"https:\/\/jurewicz.us\/wp-content\/uploads\/2024\/06\/Victim-of-thhe-UPA-1943-12-Latacz-Zaleszczyce-county-Tarnopol.jpg\" alt=\"\" class=\"wp-image-1062\" srcset=\"https:\/\/jurewicz.us\/wp-content\/uploads\/2024\/06\/Victim-of-thhe-UPA-1943-12-Latacz-Zaleszczyce-county-Tarnopol.jpg 800w, https:\/\/jurewicz.us\/wp-content\/uploads\/2024\/06\/Victim-of-thhe-UPA-1943-12-Latacz-Zaleszczyce-county-Tarnopol-300x213.jpg 300w, https:\/\/jurewicz.us\/wp-content\/uploads\/2024\/06\/Victim-of-thhe-UPA-1943-12-Latacz-Zaleszczyce-county-Tarnopol-768x545.jpg 768w\" sizes=\"auto, (max-width: 800px) 85vw, 800px\" \/><figcaption class=\"wp-element-caption\"><strong><em>1943-12 Latacz, powiat Zaleszczyki, woj. Tarnopol, Ukraina<br>Rodzina Karpiak\u00f3w, kt\u00f3rej UPA dokona\u0142a mordu 1943-12-14r. Maria Karpiak \u2013 lat 42, matka; J\u00f3zef &#8211; lat 23, syn; Genowefa &#8211; lat 20, c\u00f3rka; W\u0142adys\u0142aw &#8211; lat 18, syn; Zofia &#8211; lat 8, c\u00f3rka; Zygmunt &#8211; \u0142ac. 6, syn. &#8211; udost\u00eapni\u00b3 W\u0142adys\u0142aw Kosowski. 1943-12 Latacz, powiat Zaleszczyki, woj. Tarnopol, Ukraina<br><\/em><\/strong><\/figcaption><\/figure>\n\n\n\n<p>UPA atakowa\u0142a bazy samoobrony polskiej na Wo\u0142yniu, w kt\u00f3rych chroni\u0142a si\u0119 ludno\u015b\u0107, m. in. Przebra\u017ce, w kt\u00f3rym uratowa\u0142o si\u0119 ok. 10 tys. Polak\u00f3w. Tylko cz\u0119\u015b\u0107 baz samoobrony przetrwa\u0142a. Pomocy bazom samoobrony udziela\u0142a partyzantka sowiecka, a tak\u017ce \u017co\u0142nierze w\u0119gierscy sprzedaj\u0105c amunicj\u0119. By\u0142y przypadki pozyskiwania broni od Niemc\u00f3w. Polacy szukali ratunku uciekaj\u0105c do miast i miasteczek kontrolowanych przez wojsko niemieckie. Wielu z nich zosta\u0142o wywiezionych na roboty przymusowe do Niemiec.<\/p>\n\n\n\n<p>Okre\u015blenie zbrodnia wo\u0142y\u0144ska dotyczy nie tylko masowych mord\u00f3w dokonanych na terenach Wo\u0142ynia, czyli by\u0142ego wojew\u00f3dztwa wo\u0142y\u0144skiego, ale tak\u017ce w by\u0142ych wojew\u00f3dztwach: lwowskim, tarnopolskim i stanis\u0142awowskim (Galicja Wschodnia)a tak\u017ce wojew\u00f3dztwach lubelskim i poleskim.<\/p>\n\n\n<div class=\"wp-block-image\">\n<figure class=\"aligncenter size-full\"><img loading=\"lazy\" decoding=\"async\" width=\"535\" height=\"800\" src=\"https:\/\/jurewicz.us\/wp-content\/uploads\/2024\/06\/Victim-of-thhe-UPA-1943-aa1.jpg\" alt=\"\" class=\"wp-image-1063\" srcset=\"https:\/\/jurewicz.us\/wp-content\/uploads\/2024\/06\/Victim-of-thhe-UPA-1943-aa1.jpg 535w, https:\/\/jurewicz.us\/wp-content\/uploads\/2024\/06\/Victim-of-thhe-UPA-1943-aa1-201x300.jpg 201w\" sizes=\"auto, (max-width: 535px) 85vw, 535px\" \/><\/figure>\n<\/div>\n\n\n<p>Masowe mordy na ludno\u015bci polskiej na terenach Galicji Wschodniej rozpocz\u0119\u0142y si\u0119 jesieni\u0105 1943 roku.<\/p>\n\n\n\n<p>UPA, kierowana przez Romana Szuchewycza \u201eTarasa Czuprynk\u0119\u201d rozpocz\u0119\u0142a \u201eantypolsk\u0105 akcj\u0119\u201d w Galicji Wschodniej w kwietniu 1944 roku. Mia\u0142a ona by\u0107 w za\u0142o\u017ceniu nie tak drastyczna, jak ta przeprowadzona na Wo\u0142yniu. Zamierzano zmusi\u0107 Polak\u00f3w do opuszczenia dom\u00f3w pod gro\u017ab\u0105 \u015bmierci. W przypadku odmowy mieli by\u0107 zabijani tylko m\u0119\u017cczy\u017ani. W praktyce cz\u0119sto tego nie przestrzegano i dochodzi\u0142o do zbrodni na wszystkich mieszka\u0144cach. Masowych mord\u00f3w dokonano m. in. w Podkamieniu (100 \u2013 150 zabitych), Bry\u0144cach Zag\u00f3rnych (100 &#8211; 145) Berezowicy Ma\u0142ej (130 &#8211; 135 ofiar). W zbrodniach opr\u00f3cz UPA wzi\u0119li udzia\u0142 ukrai\u0144scy \u017co\u0142nierze, ochotnicy do dywizji SS \u201eGalizien\u201d (Huta Pieniacka, 600 &#8211; 900 zabitych).<\/p>\n\n\n\n<figure class=\"wp-block-gallery has-nested-images columns-default is-cropped wp-block-gallery-1 is-layout-flex wp-block-gallery-is-layout-flex\">\n<figure class=\"wp-block-image size-large\"><img loading=\"lazy\" decoding=\"async\" width=\"546\" height=\"800\" data-id=\"1065\" src=\"https:\/\/jurewicz.us\/wp-content\/uploads\/2024\/06\/Victim-of-thhe-UPA-1943-aa2.jpg\" alt=\"\" class=\"wp-image-1065\" srcset=\"https:\/\/jurewicz.us\/wp-content\/uploads\/2024\/06\/Victim-of-thhe-UPA-1943-aa2.jpg 546w, https:\/\/jurewicz.us\/wp-content\/uploads\/2024\/06\/Victim-of-thhe-UPA-1943-aa2-205x300.jpg 205w\" sizes=\"auto, (max-width: 546px) 85vw, 546px\" \/><\/figure>\n\n\n\n<figure class=\"wp-block-image size-large\"><img loading=\"lazy\" decoding=\"async\" width=\"800\" height=\"578\" data-id=\"1064\" src=\"https:\/\/jurewicz.us\/wp-content\/uploads\/2024\/06\/Victim-of-thhe-UPA-1943-Sahryn-1944-03-10.jpg\" alt=\"\" class=\"wp-image-1064\" srcset=\"https:\/\/jurewicz.us\/wp-content\/uploads\/2024\/06\/Victim-of-thhe-UPA-1943-Sahryn-1944-03-10.jpg 800w, https:\/\/jurewicz.us\/wp-content\/uploads\/2024\/06\/Victim-of-thhe-UPA-1943-Sahryn-1944-03-10-300x217.jpg 300w, https:\/\/jurewicz.us\/wp-content\/uploads\/2024\/06\/Victim-of-thhe-UPA-1943-Sahryn-1944-03-10-768x555.jpg 768w\" sizes=\"auto, (max-width: 800px) 85vw, 800px\" \/><\/figure>\n<\/figure>\n\n\n\n<p>Z r\u0105k nacjonalist\u00f3w ukrai\u0144skich gin\u0119\u0142y tak\u017ce rodziny polsko-ukrai\u0144skie, Ukrai\u0144cy odmawiaj\u0105cy wzi\u0119cia udzia\u0142u w zbrodniczej akcji oraz ratuj\u0105cy Polak\u00f3w. \u201eKresowa Ksi\u0119ga Sprawiedliwych\u201d (wyd. IPN) opracowana przez Romualda Niedzielk\u0119 podaje, \u017ce Ukrai\u0144cy uratowali 2527 Polak\u00f3w. Za t\u0119 pomoc 384 Ukrai\u0144c\u00f3w zap\u0142aci\u0142o \u017cyciem.<\/p>\n\n\n\n<p>Wed\u0142ug szacunk\u00f3w polskich historyk\u00f3w ukrai\u0144scy nacjonali\u015bci zamordowali oko\u0142o 100 tysi\u0119cy Polak\u00f3w. 40-60 tysi\u0119cy zgin\u0119\u0142o na Wo\u0142yniu, 20-40 tys. w Galicji Wschodniej, co najmniej 4 tysi\u0105ce na terenie dzisiejszej Polski. Terror UPA spowodowa\u0142, \u017ce setki tysi\u0119cy Polak\u00f3w opu\u015bci\u0142y swoje domy, uciekaj\u0105c do centralnej Polski. Zbrodnia Wo\u0142y\u0144ska spowodowa\u0142a polski odwet, w wyniku kt\u00f3rego zgin\u0119\u0142o ok 10-12 tys. Ukrai\u0144c\u00f3w, w tym 3-5 tys. na Wo\u0142yniu i w Galicji Wschodniej.<\/p>\n\n\n\n<figure class=\"wp-block-image size-full\"><img loading=\"lazy\" decoding=\"async\" width=\"800\" height=\"517\" src=\"https:\/\/jurewicz.us\/wp-content\/uploads\/2024\/06\/Victim-of-thhe-UPA-Cholopecze-Horochow.jpg\" alt=\"\" class=\"wp-image-1066\" srcset=\"https:\/\/jurewicz.us\/wp-content\/uploads\/2024\/06\/Victim-of-thhe-UPA-Cholopecze-Horochow.jpg 800w, https:\/\/jurewicz.us\/wp-content\/uploads\/2024\/06\/Victim-of-thhe-UPA-Cholopecze-Horochow-300x194.jpg 300w, https:\/\/jurewicz.us\/wp-content\/uploads\/2024\/06\/Victim-of-thhe-UPA-Cholopecze-Horochow-768x496.jpg 768w\" sizes=\"auto, (max-width: 800px) 85vw, 800px\" \/><figcaption class=\"wp-element-caption\">ok.1943, Cho\u00b3opecze, Wo\u00b3y\u00f1, Ukraina\rCzesi pomordowani przez Ukrai\u00f1c\u00f3w we wsi Cho\u00b3opecze.\rFot. NN, zbiory O\u009crodka KARTA, udost\u00eapni\u00b3a Teresa Radziszewska<\/figcaption><\/figure>\n\n\n\n<p>W opinii znawcy problematyki polsko-ukrai\u0144skiej, historyka prof. Grzegorza Motyki \u201echo\u0107 akcja antypolska by\u0142a czystk\u0105 etniczn\u0105, to jednocze\u015bnie spe\u0142nia ona definicj\u0119 ludob\u00f3jstwa\u201d. Celem by\u0142o bowiem zniszczenie na Wo\u0142yniu w ca\u0142o\u015bci, a na innych terenach w cz\u0119\u015bci, polskiej grupy etnicznej.<\/p>\n","protected":false},"excerpt":{"rendered":"<p>11 i 12 lipca 1943 r. UPA dokona\u0142a skoordynowanego ataku na polskich mieszka\u0144c\u00f3w 150 miejscowo\u015bci na Wo\u0142yniu. W sumie w latach 1943-45 na Wo\u0142yniu i w Galicji Wschodniej zgin\u0119\u0142o ok. 100 tys. Polak\u00f3w, zamordowanych przez oddzia\u0142y Ukrai\u0144skiej Armii Powsta\u0144czej i miejscow\u0105 ludno\u015b\u0107 ukrai\u0144sk\u0105. Wydarzenia te przesz\u0142y do historii jako Zbrodnia Wo\u0142y\u0144ska. Rodzina Jasio\u0144czak\u00f3w z Woli &hellip; <a href=\"https:\/\/jurewicz.us\/?page_id=1049\" class=\"more-link\">Continue reading<span class=\"screen-reader-text\"> &#8220;Zbrodnia wo\u0142y\u0144ska \u2013 czystka etniczna o charakterze ludob\u00f3jstwa.&#8221;<\/span><\/a><\/p>\n","protected":false},"author":1,"featured_media":0,"parent":0,"menu_order":0,"comment_status":"closed","ping_status":"closed","template":"","meta":{"footnotes":"[]"},"class_list":["post-1049","page","type-page","status-publish","hentry"],"_links":{"self":[{"href":"https:\/\/jurewicz.us\/index.php?rest_route=\/wp\/v2\/pages\/1049","targetHints":{"allow":["GET"]}}],"collection":[{"href":"https:\/\/jurewicz.us\/index.php?rest_route=\/wp\/v2\/pages"}],"about":[{"href":"https:\/\/jurewicz.us\/index.php?rest_route=\/wp\/v2\/types\/page"}],"author":[{"embeddable":true,"href":"https:\/\/jurewicz.us\/index.php?rest_route=\/wp\/v2\/users\/1"}],"replies":[{"embeddable":true,"href":"https:\/\/jurewicz.us\/index.php?rest_route=%2Fwp%2Fv2%2Fcomments&post=1049"}],"version-history":[{"count":6,"href":"https:\/\/jurewicz.us\/index.php?rest_route=\/wp\/v2\/pages\/1049\/revisions"}],"predecessor-version":[{"id":1068,"href":"https:\/\/jurewicz.us\/index.php?rest_route=\/wp\/v2\/pages\/1049\/revisions\/1068"}],"wp:attachment":[{"href":"https:\/\/jurewicz.us\/index.php?rest_route=%2Fwp%2Fv2%2Fmedia&parent=1049"}],"curies":[{"name":"wp","href":"https:\/\/api.w.org\/{rel}","templated":true}]}}