{"id":1040,"date":"2024-06-07T00:35:32","date_gmt":"2024-06-07T00:35:32","guid":{"rendered":"http:\/\/jurewicz.us\/?page_id=1040"},"modified":"2024-06-07T01:00:10","modified_gmt":"2024-06-07T01:00:10","slug":"why-do-ukrainians-hate-poles","status":"publish","type":"page","link":"https:\/\/jurewicz.us\/?page_id=1040","title":{"rendered":"Why do Ukrainians hate Poles?      Dlaczego Ukrai\u0144cy nienawidz\u0105 Polak\u00f3w?"},"content":{"rendered":"\n<p>Because, like Russians, they have a complex about Poles.<br>In their eyes, a Pole is a Ukrainian, a poor oppressed peasant.<br>However, the truth was as follows.<br>Cossacks (Ukrainians) fled from the royal authorities to the distant steppes of the Wild Half. They believed that they deserved freedom above all else, and their main thoughts were attacks and robberies.<br>At this point, I would like to remind you that the Polish-Lithuanian Commonwealth was the most liberal, tolerant and gentle state in the world, and the elected kings did not have much to say because the nation&#8217;s elite &#8211; the nobility &#8211; guarded their rights. In countries such as Russia, France or Brandenburg, peasants had it no better, and probably even harder. These are the facts.<\/p>\n\n\n\n<p><strong>Poniewa\u017c podobnie jak Rosjanie maj\u0105 na punkcie Polak\u00f3w kompleks.<br>W ich oczach Polak to pan Ukrainiec to biedny uciskany ch\u0142op.<br>Natomiast prawda mia\u0142a si\u0119 nast\u0119puj\u0105co.<br>Kozacy (Ukrai\u0144cy) uciekali przed w\u0142adz\u0105 kr\u00f3lewsk\u0105 na dalekie stepy Dzikich P\u00f3\u0142. Uwa\u017cali, \u017ce nale\u017cy im si\u0119 wolno\u015b\u0107 ponad wszystko a w g\u0142owie im by\u0142y przede wszystkim napady i grabie\u017ce.<br>W tym miejscu pragn\u0119 przypomnie\u0107, \u017ce Rzeczpospolita Obojga Narod\u00f3w by\u0142a najbardziej liberalnym, tolerancyjnym i \u0142agodnym pa\u0144stwem na \u015bwiecie a elekcyjni kr\u00f3lowie nie mieli zbyt du\u017co do powiedzenia bo elita narodu &#8211; szlachta pilnowa\u0142a swoich praw. W takich krajach jak Rosja, Francja czy Brandenburgia ch\u0142opi nie mieli ani troch\u0119 lepiej a pewnie nawet i ci\u0119\u017cej. Takie s\u0105 fakty.<\/strong><\/p>\n\n\n\n<p>The Cossacks looked at the nobles&#8217; freedoms and wealth with hatred and envy. The national hero of Ukrainians &#8211; a bandit, a traitor and a cuckold (his woman was kidnapped) &#8211; Bohdan Khmelnytsky &#8211; took advantage of this situation. He explained to his Ukrainian colleagues that it was time to saber the Polish lords, to which they readily agreed,<br>During the Ukrainian rebellion, such brutal atrocities occurred that I will not describe them. The fact is that Poles have never encountered anything like this before. Nay. As part of his declared love for the Republic of Poland, our dear Bohdan brought Mongols to our homeland, for whom murders and plunder were their daily bread.<br>The culmination of the rebellion was the betrayal of the Republic of Poland by the Ukrainians &#8211; the Agreement in Perejes\u0142aw. The Ukrainians placed themselves under the protection of the Russian tsar.<\/p>\n\n\n\n<p><strong>Kozacy z nienawi\u015bci\u0105 i zazdro\u015bci\u0105 patrzyli na szlacheckie swobody oraz bogactwa. T\u0119 sytuacj\u0119 wykorzysta\u0142 narodowy bohater Ukrai\u0144c\u00f3w &#8211; bandzior, zdrajca i rogacz (porwano mu bab\u0119) Bohdan Chmielnicki. Wyja\u015bni\u0142 swoim ukrai\u0144skim kolegom, \u017ce nadszed\u0142 czas r\u017cn\u0105\u0107 szablami polskich pan\u00f3w na co tamci ochoczo przystali,<br>Podczas ukrai\u0144skiego buntu dochodzi\u0142o do takich bestialskich okrucie\u0144stw, \u017ce daruj\u0119 sobie ich opisywanie. Fakt, \u017ce Polacy z czym\u015b takim si\u0119 wcze\u015bniej nie spotkali. Ma\u0142o tego. W ramach swej deklarowanej mi\u0142o\u015bci do Rzeczpospolitej nasz drogi Bohdan sprowadzi\u0142 do Naszej ojczyzny Mongo\u0142\u00f3w dla kt\u00f3rych mordy i grabie\u017ce by\u0142y chlebem powszednim.<br>Ukoronowaniem buntu by\u0142a zdrada Rzeczpospolitej przez Ukrai\u0144c\u00f3w &#8211; Ugoda w Perejes\u0142awiu. Ukrai\u0144cy oddali si\u0119 pod opiek\u0119 rosyjskiego cara.<\/strong><\/p>\n\n\n\n<figure class=\"wp-block-image size-large\"><img loading=\"lazy\" decoding=\"async\" width=\"1024\" height=\"566\" src=\"https:\/\/jurewicz.us\/wp-content\/uploads\/2024\/06\/Ugoda-perejaslawska.-Kozacy-poddaja-sie-Moskwie-1024x566.jpg\" alt=\"\" class=\"wp-image-1046\" srcset=\"https:\/\/jurewicz.us\/wp-content\/uploads\/2024\/06\/Ugoda-perejaslawska.-Kozacy-poddaja-sie-Moskwie-1024x566.jpg 1024w, https:\/\/jurewicz.us\/wp-content\/uploads\/2024\/06\/Ugoda-perejaslawska.-Kozacy-poddaja-sie-Moskwie-300x166.jpg 300w, https:\/\/jurewicz.us\/wp-content\/uploads\/2024\/06\/Ugoda-perejaslawska.-Kozacy-poddaja-sie-Moskwie-768x424.jpg 768w, https:\/\/jurewicz.us\/wp-content\/uploads\/2024\/06\/Ugoda-perejaslawska.-Kozacy-poddaja-sie-Moskwie.jpg 1137w\" sizes=\"auto, (max-width: 709px) 85vw, (max-width: 909px) 67vw, (max-width: 1362px) 62vw, 840px\" \/><\/figure>\n\n\n\n<p>When the Cossacks came in droves to Pereyeslav to conclude the agreement, suddenly, ladies and gentlemen, they were filled with horror and astonishment, because the Russians ordered them to absolutely obey the tsar. Suddenly they smelled what the Russian whip of a beloved batiushka smelled like. The Cossacks were soaked in the golden freedom of the Polish-Lithuanian Commonwealth, which they murdered so eagerly and which gave them so much freedom. They did not like the ruthless bowing of their necks before the Tsar. Some of the Cossacks began to rebel, but it was too late and they were forced into submission and brave Bohdan received his 30 pieces of silver.<br>So the Ukrainians returned the favor to the Republic of Poland.<\/p>\n\n\n\n<p><strong>Gdy Kozacy przybyli t\u0142umnie do Perejes\u0142awia na zawarcie ugody nagle prosz\u0119 szanownego Pa\u0144stwa ogarn\u0119\u0142a ich zgroza i zdumienie, poniewa\u017c Rosjanie kazali bezwzgl\u0119dnie podporz\u0105dkowa\u0107 si\u0119 carowi. Nagle poczuli czym pachnie rosyjski bat kochanego batiuszki. Kozacy, bowiem przesi\u0105kn\u0119li z\u0142ot\u0105 wolno\u015bci\u0105 Rzeczpospolitej, kt\u00f3r\u0105 tak ch\u0119tnie mordowali a kt\u00f3ra im dawa\u0142a tyle swobody. Nie w smak im by\u0142o bezwzgl\u0119dne zginanie karku przed carem. Cz\u0119\u015b\u0107 Kozak\u00f3w zacz\u0119\u0142a si\u0119 buntowa\u0107 ale na to ju\u017c by\u0142o za p\u00f3\u017ano i zmuszono ich si\u0142\u0105 do podda\u0144stwa a dzielny Bohdan dosta\u0142 swoje 30 srebrnik\u00f3w. Tak wi\u0119c Ukrai\u0144cy si\u0119 odwdzi\u0119czyli Rzeczpospolitej.<\/strong><\/p>\n\n\n\n<p>During the Polish uprisings, the Tsar willingly used Cossacks to murder unruly Poles.<br>And years later came the Volhynian massacres, where Poles were slaughtered on principle.<br>The funniest thing for me is that the long-term result of Peyereslav is today&#8217;s war between Ukraine and Russia.<br>They wanted freedom, they have it.<br>Neither Kacap nor Ukrainian is a brother to me.<\/p>\n\n\n\n<p><strong>W czasie powsta\u0144 polskich car ch\u0119tnie u\u017cywa\u0142 Kozak\u00f3w aby Ci mordowali niepokornych Polak\u00f3w.<br>A po latach nadesz\u0142y wo\u0142y\u0144skie mordy gdzie Polak\u00f3w zarzynano dla zasady.<br>Najzabawniejsze dla mnie jest to, \u017ce odleg\u0142ym skutkiem Pejeres\u0142awia jest dzisiejsza wojna mi\u0119dzy Ukrain\u0105 a Rosj\u0105.<br>Chcieli wolno\u015bci to maj\u0105.<br>Ani kacap ani ukrainiec nie jest dla mnie bratem.<\/strong><\/p>\n","protected":false},"excerpt":{"rendered":"<p>Because, like Russians, they have a complex about Poles.In their eyes, a Pole is a Ukrainian, a poor oppressed peasant.However, the truth was as follows.Cossacks (Ukrainians) fled from the royal authorities to the distant steppes of the Wild Half. They believed that they deserved freedom above all else, and their main thoughts were attacks and &hellip; <a href=\"https:\/\/jurewicz.us\/?page_id=1040\" class=\"more-link\">Continue reading<span class=\"screen-reader-text\"> &#8220;Why do Ukrainians hate Poles?      Dlaczego Ukrai\u0144cy nienawidz\u0105 Polak\u00f3w?&#8221;<\/span><\/a><\/p>\n","protected":false},"author":1,"featured_media":0,"parent":0,"menu_order":0,"comment_status":"closed","ping_status":"closed","template":"","meta":{"footnotes":""},"class_list":["post-1040","page","type-page","status-publish","hentry"],"_links":{"self":[{"href":"https:\/\/jurewicz.us\/index.php?rest_route=\/wp\/v2\/pages\/1040","targetHints":{"allow":["GET"]}}],"collection":[{"href":"https:\/\/jurewicz.us\/index.php?rest_route=\/wp\/v2\/pages"}],"about":[{"href":"https:\/\/jurewicz.us\/index.php?rest_route=\/wp\/v2\/types\/page"}],"author":[{"embeddable":true,"href":"https:\/\/jurewicz.us\/index.php?rest_route=\/wp\/v2\/users\/1"}],"replies":[{"embeddable":true,"href":"https:\/\/jurewicz.us\/index.php?rest_route=%2Fwp%2Fv2%2Fcomments&post=1040"}],"version-history":[{"count":4,"href":"https:\/\/jurewicz.us\/index.php?rest_route=\/wp\/v2\/pages\/1040\/revisions"}],"predecessor-version":[{"id":1048,"href":"https:\/\/jurewicz.us\/index.php?rest_route=\/wp\/v2\/pages\/1040\/revisions\/1048"}],"wp:attachment":[{"href":"https:\/\/jurewicz.us\/index.php?rest_route=%2Fwp%2Fv2%2Fmedia&parent=1040"}],"curies":[{"name":"wp","href":"https:\/\/api.w.org\/{rel}","templated":true}]}}